{"id":56,"date":"2024-12-22T21:59:27","date_gmt":"2024-12-22T21:59:27","guid":{"rendered":"http:\/\/comparadordepalas.es\/?page_id=56"},"modified":"2024-12-22T23:41:22","modified_gmt":"2024-12-22T23:41:22","slug":"tipo-de-palas","status":"publish","type":"page","link":"http:\/\/comparadordepalas.es\/?page_id=56","title":{"rendered":"TIPO DE PALAS"},"content":{"rendered":"\n<p>En esta secci\u00f3n te ayudamos a entender los diferentes tipos de palas de p\u00e1del y sus caracter\u00edsticas clave, para que encuentres la que mejor se adapte a tu estilo de juego.<\/p>\n\n\n\n<p>Las palas se clasifican principalmente por su forma, balance y tipo de jugador al que est\u00e1n orientadas. Ya sea que busques <strong>control<\/strong>, <strong>potencia<\/strong>, o un <strong>equilibrio entre ambos<\/strong>, aqu\u00ed encontrar\u00e1s una gu\u00eda completa para tomar la mejor decisi\u00f3n.<\/p>\n\n\n\n<p>Descubre las diferencias entre las palas <strong>redondas<\/strong> (ideales para control), <strong>l\u00e1grima<\/strong> (versatilidad y polivalencia) y <strong>diamante<\/strong> (m\u00e1xima potencia para jugadores ofensivos). Adem\u00e1s, te explicamos qu\u00e9 tipo de pala es m\u00e1s adecuada para principiantes, intermedios o avanzados.<\/p>\n\n\n\n<p>Explora esta secci\u00f3n y encuentra toda la informaci\u00f3n que necesitas para elegir tu compa\u00f1era perfecta en la pista. \u00a1Tu juego puede mejorar mucho con la pala adecuada!<\/p>\n","protected":false},"excerpt":{"rendered":"<p>En esta secci\u00f3n te ayudamos a entender los diferentes tipos de palas de p\u00e1del y sus caracter\u00edsticas clave, para que encuentres la que mejor se adapte a tu estilo de juego. Las palas se clasifican principalmente por su forma, balance y tipo de jugador al que est\u00e1n orientadas. Ya sea que busques control, potencia, o [&hellip;]<\/p>\n","protected":false},"author":1,"featured_media":0,"parent":0,"menu_order":0,"comment_status":"closed","ping_status":"closed","template":"","meta":{"footnotes":""},"class_list":["post-56","page","type-page","status-publish","hentry"],"_links":{"self":[{"href":"http:\/\/comparadordepalas.es\/index.php?rest_route=\/wp\/v2\/pages\/56","targetHints":{"allow":["GET"]}}],"collection":[{"href":"http:\/\/comparadordepalas.es\/index.php?rest_route=\/wp\/v2\/pages"}],"about":[{"href":"http:\/\/comparadordepalas.es\/index.php?rest_route=\/wp\/v2\/types\/page"}],"author":[{"embeddable":true,"href":"http:\/\/comparadordepalas.es\/index.php?rest_route=\/wp\/v2\/users\/1"}],"replies":[{"embeddable":true,"href":"http:\/\/comparadordepalas.es\/index.php?rest_route=%2Fwp%2Fv2%2Fcomments&post=56"}],"version-history":[{"count":5,"href":"http:\/\/comparadordepalas.es\/index.php?rest_route=\/wp\/v2\/pages\/56\/revisions"}],"predecessor-version":[{"id":169,"href":"http:\/\/comparadordepalas.es\/index.php?rest_route=\/wp\/v2\/pages\/56\/revisions\/169"}],"wp:attachment":[{"href":"http:\/\/comparadordepalas.es\/index.php?rest_route=%2Fwp%2Fv2%2Fmedia&parent=56"}],"curies":[{"name":"wp","href":"https:\/\/api.w.org\/{rel}","templated":true}]}}