{"id":43,"date":"2024-12-22T21:46:42","date_gmt":"2024-12-22T21:46:42","guid":{"rendered":"http:\/\/comparadordepalas.es\/?page_id=43"},"modified":"2024-12-22T23:39:16","modified_gmt":"2024-12-22T23:39:16","slug":"marcas","status":"publish","type":"page","link":"http:\/\/comparadordepalas.es\/?page_id=43","title":{"rendered":"TOP-SELLERS"},"content":{"rendered":"\n<h3 class=\"wp-block-heading\">Palas m\u00e1s vendidas de este 2024:<\/h3>\n\n\n\n<p><strong>Las mejores palas calidad-precio y m\u00e1s vendidas de este 2024:<\/strong><\/p>\n\n\n\n<p>En esta secci\u00f3n encontrar\u00e1s las <strong>palas de p\u00e1del m\u00e1s vendidas<\/strong> del momento. Estas palas son las favoritas entre jugadores de todos los niveles, no solo por su calidad y rendimiento en pista, sino tambi\u00e9n por el respaldo de las marcas m\u00e1s reconocidas del mercado.<\/p>\n\n\n\n<p>Hemos recopilado una selecci\u00f3n basada en las ventas, las opiniones de los usuarios y la relaci\u00f3n calidad-precio, para ayudarte a descubrir las palas que est\u00e1n marcando tendencia este a\u00f1o. Ya sea que busques potencia, control, o un equilibrio perfecto entre ambos, aqu\u00ed encontrar\u00e1s opciones ideales para tu juego.<\/p>\n\n\n\n<p>Explora nuestras <strong>top sellers<\/strong> y descubre por qu\u00e9 estas palas se han ganado un lugar en los favoritos de los aficionados al p\u00e1del. \u00a1Elige la que mejor se adapte a ti y lleva tu juego al siguiente nivel!<\/p>\n\n\n\n<p><\/p>\n\n\n\n<p><\/p>\n\n\n\n<p><\/p>\n\n\n\n<ul class=\"wp-block-list\"><\/ul>\n\n\n\n<ul class=\"wp-block-list\"><\/ul>\n\n\n\n<p><\/p>\n","protected":false},"excerpt":{"rendered":"<p>Palas m\u00e1s vendidas de este 2024: Las mejores palas calidad-precio y m\u00e1s vendidas de este 2024: En esta secci\u00f3n encontrar\u00e1s las palas de p\u00e1del m\u00e1s vendidas del momento. Estas palas son las favoritas entre jugadores de todos los niveles, no solo por su calidad y rendimiento en pista, sino tambi\u00e9n por el respaldo de las [&hellip;]<\/p>\n","protected":false},"author":1,"featured_media":0,"parent":0,"menu_order":0,"comment_status":"closed","ping_status":"closed","template":"","meta":{"footnotes":""},"class_list":["post-43","page","type-page","status-publish","hentry"],"_links":{"self":[{"href":"http:\/\/comparadordepalas.es\/index.php?rest_route=\/wp\/v2\/pages\/43","targetHints":{"allow":["GET"]}}],"collection":[{"href":"http:\/\/comparadordepalas.es\/index.php?rest_route=\/wp\/v2\/pages"}],"about":[{"href":"http:\/\/comparadordepalas.es\/index.php?rest_route=\/wp\/v2\/types\/page"}],"author":[{"embeddable":true,"href":"http:\/\/comparadordepalas.es\/index.php?rest_route=\/wp\/v2\/users\/1"}],"replies":[{"embeddable":true,"href":"http:\/\/comparadordepalas.es\/index.php?rest_route=%2Fwp%2Fv2%2Fcomments&post=43"}],"version-history":[{"count":9,"href":"http:\/\/comparadordepalas.es\/index.php?rest_route=\/wp\/v2\/pages\/43\/revisions"}],"predecessor-version":[{"id":168,"href":"http:\/\/comparadordepalas.es\/index.php?rest_route=\/wp\/v2\/pages\/43\/revisions\/168"}],"wp:attachment":[{"href":"http:\/\/comparadordepalas.es\/index.php?rest_route=%2Fwp%2Fv2%2Fmedia&parent=43"}],"curies":[{"name":"wp","href":"https:\/\/api.w.org\/{rel}","templated":true}]}}