{"id":144,"date":"2024-12-22T23:00:42","date_gmt":"2024-12-22T23:00:42","guid":{"rendered":"http:\/\/comparadordepalas.es\/?page_id=144"},"modified":"2024-12-22T23:55:15","modified_gmt":"2024-12-22T23:55:15","slug":"forma-diamante","status":"publish","type":"page","link":"http:\/\/comparadordepalas.es\/?page_id=144","title":{"rendered":"Forma Diamante"},"content":{"rendered":"\n<div class=\"wp-block-media-text alignfull has-media-on-the-right is-stacked-on-mobile\" style=\"grid-template-columns:auto 29%\"><div class=\"wp-block-media-text__content\">\n<p><strong>Forma Diamante<\/strong><br>Caracter\u00edsticas principales:<br>Balance alto: El peso est\u00e1 concentrado en la parte superior de la pala, lo que favorece golpes m\u00e1s potentes.<br>Punto dulce reducido: El punto dulce es m\u00e1s peque\u00f1o y est\u00e1 ubicado hacia la parte superior de la pala.<br>Mayor potencia: Dise\u00f1adas para un juego ofensivo, ideales para golpes como remates o voleas fuertes.<br>Ventajas:<br>Excelente potencia para jugadores agresivos.<br>Ideales para quienes buscan maximizar su juego a\u00e9reo.<\/p>\n<\/div><figure class=\"wp-block-media-text__media\"><img loading=\"lazy\" decoding=\"async\" width=\"500\" height=\"500\" src=\"http:\/\/comparadordepalas.es\/wp-content\/uploads\/2024\/12\/kombat-swat.webp\" alt=\"\" class=\"wp-image-90 size-full\" srcset=\"http:\/\/comparadordepalas.es\/wp-content\/uploads\/2024\/12\/kombat-swat.webp 500w, http:\/\/comparadordepalas.es\/wp-content\/uploads\/2024\/12\/kombat-swat-300x300.webp 300w, http:\/\/comparadordepalas.es\/wp-content\/uploads\/2024\/12\/kombat-swat-150x150.webp 150w\" sizes=\"auto, (max-width: 500px) 100vw, 500px\" \/><\/figure><\/div>\n","protected":false},"excerpt":{"rendered":"<p>Forma DiamanteCaracter\u00edsticas principales:Balance alto: El peso est\u00e1 concentrado en la parte superior de la pala, lo que favorece golpes m\u00e1s potentes.Punto dulce reducido: El punto dulce es m\u00e1s peque\u00f1o y est\u00e1 ubicado hacia la parte superior de la pala.Mayor potencia: Dise\u00f1adas para un juego ofensivo, ideales para golpes como remates o voleas fuertes.Ventajas:Excelente potencia para [&hellip;]<\/p>\n","protected":false},"author":1,"featured_media":0,"parent":0,"menu_order":0,"comment_status":"closed","ping_status":"closed","template":"","meta":{"footnotes":""},"class_list":["post-144","page","type-page","status-publish","hentry"],"_links":{"self":[{"href":"http:\/\/comparadordepalas.es\/index.php?rest_route=\/wp\/v2\/pages\/144","targetHints":{"allow":["GET"]}}],"collection":[{"href":"http:\/\/comparadordepalas.es\/index.php?rest_route=\/wp\/v2\/pages"}],"about":[{"href":"http:\/\/comparadordepalas.es\/index.php?rest_route=\/wp\/v2\/types\/page"}],"author":[{"embeddable":true,"href":"http:\/\/comparadordepalas.es\/index.php?rest_route=\/wp\/v2\/users\/1"}],"replies":[{"embeddable":true,"href":"http:\/\/comparadordepalas.es\/index.php?rest_route=%2Fwp%2Fv2%2Fcomments&post=144"}],"version-history":[{"count":8,"href":"http:\/\/comparadordepalas.es\/index.php?rest_route=\/wp\/v2\/pages\/144\/revisions"}],"predecessor-version":[{"id":178,"href":"http:\/\/comparadordepalas.es\/index.php?rest_route=\/wp\/v2\/pages\/144\/revisions\/178"}],"wp:attachment":[{"href":"http:\/\/comparadordepalas.es\/index.php?rest_route=%2Fwp%2Fv2%2Fmedia&parent=144"}],"curies":[{"name":"wp","href":"https:\/\/api.w.org\/{rel}","templated":true}]}}