{"id":138,"date":"2024-12-22T22:59:29","date_gmt":"2024-12-22T22:59:29","guid":{"rendered":"http:\/\/comparadordepalas.es\/?page_id=138"},"modified":"2024-12-22T23:54:24","modified_gmt":"2024-12-22T23:54:24","slug":"forma-redonda","status":"publish","type":"page","link":"http:\/\/comparadordepalas.es\/?page_id=138","title":{"rendered":"Forma Redonda"},"content":{"rendered":"\n<div class=\"wp-block-media-text alignfull has-media-on-the-right is-stacked-on-mobile\" style=\"grid-template-columns:auto 32%\"><div class=\"wp-block-media-text__content\">\n<p><strong>Forma Redonda<\/strong><br>Caracter\u00edsticas principales:<br>Balance bajo: El punto de equilibrio est\u00e1 cerca del mango, lo que proporciona mayor control.<br>Punto dulce amplio: El \u00e1rea de impacto \u00f3ptimo (punto dulce) es grande, lo que facilita un golpeo c\u00f3modo y efectivo.<br>Menor potencia: Debido a su balance bajo, estas palas no generan tanta potencia como otras formas.<br>Ventajas:<br>Ideales para principiantes por su manejabilidad y facilidad de uso.<br>Ofrecen un gran control para colocar la bola con precisi\u00f3n.<\/p>\n<\/div><figure class=\"wp-block-media-text__media\"><img loading=\"lazy\" decoding=\"async\" width=\"800\" height=\"800\" src=\"http:\/\/comparadordepalas.es\/wp-content\/uploads\/2024\/12\/Pala-redonda.jpg\" alt=\"\" class=\"wp-image-87 size-full\" srcset=\"http:\/\/comparadordepalas.es\/wp-content\/uploads\/2024\/12\/Pala-redonda.jpg 800w, http:\/\/comparadordepalas.es\/wp-content\/uploads\/2024\/12\/Pala-redonda-300x300.jpg 300w, http:\/\/comparadordepalas.es\/wp-content\/uploads\/2024\/12\/Pala-redonda-150x150.jpg 150w, http:\/\/comparadordepalas.es\/wp-content\/uploads\/2024\/12\/Pala-redonda-768x768.jpg 768w\" sizes=\"auto, (max-width: 800px) 100vw, 800px\" \/><\/figure><\/div>\n","protected":false},"excerpt":{"rendered":"<p>Forma RedondaCaracter\u00edsticas principales:Balance bajo: El punto de equilibrio est\u00e1 cerca del mango, lo que proporciona mayor control.Punto dulce amplio: El \u00e1rea de impacto \u00f3ptimo (punto dulce) es grande, lo que facilita un golpeo c\u00f3modo y efectivo.Menor potencia: Debido a su balance bajo, estas palas no generan tanta potencia como otras formas.Ventajas:Ideales para principiantes por su [&hellip;]<\/p>\n","protected":false},"author":1,"featured_media":0,"parent":0,"menu_order":0,"comment_status":"closed","ping_status":"closed","template":"","meta":{"footnotes":""},"class_list":["post-138","page","type-page","status-publish","hentry"],"_links":{"self":[{"href":"http:\/\/comparadordepalas.es\/index.php?rest_route=\/wp\/v2\/pages\/138","targetHints":{"allow":["GET"]}}],"collection":[{"href":"http:\/\/comparadordepalas.es\/index.php?rest_route=\/wp\/v2\/pages"}],"about":[{"href":"http:\/\/comparadordepalas.es\/index.php?rest_route=\/wp\/v2\/types\/page"}],"author":[{"embeddable":true,"href":"http:\/\/comparadordepalas.es\/index.php?rest_route=\/wp\/v2\/users\/1"}],"replies":[{"embeddable":true,"href":"http:\/\/comparadordepalas.es\/index.php?rest_route=%2Fwp%2Fv2%2Fcomments&post=138"}],"version-history":[{"count":3,"href":"http:\/\/comparadordepalas.es\/index.php?rest_route=\/wp\/v2\/pages\/138\/revisions"}],"predecessor-version":[{"id":176,"href":"http:\/\/comparadordepalas.es\/index.php?rest_route=\/wp\/v2\/pages\/138\/revisions\/176"}],"wp:attachment":[{"href":"http:\/\/comparadordepalas.es\/index.php?rest_route=%2Fwp%2Fv2%2Fmedia&parent=138"}],"curies":[{"name":"wp","href":"https:\/\/api.w.org\/{rel}","templated":true}]}}