{"id":128,"date":"2024-12-22T22:53:12","date_gmt":"2024-12-22T22:53:12","guid":{"rendered":"http:\/\/comparadordepalas.es\/?page_id=128"},"modified":"2024-12-22T23:46:38","modified_gmt":"2024-12-22T23:46:38","slug":"bullpadel-vertex-04-comfort-2024-martin-di-nenno","status":"publish","type":"page","link":"http:\/\/comparadordepalas.es\/?page_id=128","title":{"rendered":"Bullpadel Vertex 04 Comfort 2024\u00a0\/ MART\u00cdN DI NENNO"},"content":{"rendered":"\n<p><strong>Bullpadel Vertex 04 Comfort 2024\u00a0\/ MART\u00cdN DI NENNO<\/strong><\/p>\n\n\n\n<ul class=\"wp-block-list\">\n<li><strong>Por qu\u00e9 destaca:<\/strong>&nbsp;Si buscas potencia con un toque de comodidad, esta es tu elecci\u00f3n. Dise\u00f1ada para jugadores ofensivos que necesitan un extra de precisi\u00f3n en su juego. Su forma diamante y el marco de carbono aportan estabilidad y durabilidad<\/li>\n<\/ul>\n\n\n\n<figure class=\"wp-block-image\"><img decoding=\"async\" src=\"https:\/\/tse2.mm.bing.net\/th?id=OIP.tNMzjnnshje34EWEaO7X4gHaHa&amp;w=200&amp;h=200&amp;c=7\" alt=\"Bullpadel Vertex 04 Comfort 2024 (Di Nenno) \u2013 PadelDeals\"\/><\/figure>\n\n\n\n<ul class=\"wp-block-list\">\n<li><strong>Lo mejor:<\/strong>&nbsp;Incluye una goma MultiEva de doble densidad, que se adapta seg\u00fan el tipo de golpe: m\u00e1s dura para golpes fuertes y m\u00e1s blanda para golpes suaves.<\/li>\n<\/ul>\n","protected":false},"excerpt":{"rendered":"<p>Bullpadel Vertex 04 Comfort 2024\u00a0\/ MART\u00cdN DI NENNO<\/p>\n","protected":false},"author":1,"featured_media":0,"parent":0,"menu_order":0,"comment_status":"closed","ping_status":"closed","template":"","meta":{"footnotes":""},"class_list":["post-128","page","type-page","status-publish","hentry"],"_links":{"self":[{"href":"http:\/\/comparadordepalas.es\/index.php?rest_route=\/wp\/v2\/pages\/128","targetHints":{"allow":["GET"]}}],"collection":[{"href":"http:\/\/comparadordepalas.es\/index.php?rest_route=\/wp\/v2\/pages"}],"about":[{"href":"http:\/\/comparadordepalas.es\/index.php?rest_route=\/wp\/v2\/types\/page"}],"author":[{"embeddable":true,"href":"http:\/\/comparadordepalas.es\/index.php?rest_route=\/wp\/v2\/users\/1"}],"replies":[{"embeddable":true,"href":"http:\/\/comparadordepalas.es\/index.php?rest_route=%2Fwp%2Fv2%2Fcomments&post=128"}],"version-history":[{"count":4,"href":"http:\/\/comparadordepalas.es\/index.php?rest_route=\/wp\/v2\/pages\/128\/revisions"}],"predecessor-version":[{"id":172,"href":"http:\/\/comparadordepalas.es\/index.php?rest_route=\/wp\/v2\/pages\/128\/revisions\/172"}],"wp:attachment":[{"href":"http:\/\/comparadordepalas.es\/index.php?rest_route=%2Fwp%2Fv2%2Fmedia&parent=128"}],"curies":[{"name":"wp","href":"https:\/\/api.w.org\/{rel}","templated":true}]}}