{"id":125,"date":"2024-12-22T22:52:58","date_gmt":"2024-12-22T22:52:58","guid":{"rendered":"http:\/\/comparadordepalas.es\/?page_id=125"},"modified":"2024-12-22T22:55:38","modified_gmt":"2024-12-22T22:55:38","slug":"nox-at10-luxury-genius-18k-alum-agustin-tapia","status":"publish","type":"page","link":"http:\/\/comparadordepalas.es\/?page_id=125","title":{"rendered":"NOX AT10 Luxury Genius 18K Alum\u00a0\/ AGUST\u00cdN TAPIA"},"content":{"rendered":"\n<p><strong>NOX AT10 Luxury Genius 18K Alum\u00a0\/ AGUST\u00cdN TAPIA<\/strong><\/p>\n\n\n\n<ul class=\"wp-block-list\">\n<li><strong>Por qu\u00e9 destaca:<\/strong>&nbsp;Aqu\u00ed estamos hablando de&nbsp;<strong>equilibrio total<\/strong>. Su dise\u00f1o combina una pegada potente con un control casi quir\u00fargico, ideal para jugadores que buscan polivalencia.<\/li>\n<\/ul>\n\n\n\n<figure class=\"wp-block-image\"><img decoding=\"async\" src=\"https:\/\/tse4.mm.bing.net\/th?id=OIP.moAOnYIaYHCd8z-3wz0dZQHaHa&amp;w=200&amp;h=200&amp;c=7\" alt=\"NOX AT10 Luxury GENIUS 18K Alum 2024 by Agust\u00edn Tapia Padel Racket ...\"\/><\/figure>\n\n\n\n<ul class=\"wp-block-list\">\n<li><strong>Lo mejor:<\/strong>&nbsp;La fibra de carbono aluminizada 18K le da un tacto s\u00f3lido pero c\u00f3modo. Adem\u00e1s, su forma l\u00e1grima te permite tener un punto dulce amplio, ideal para errores m\u00ednimos.<\/li>\n<\/ul>\n","protected":false},"excerpt":{"rendered":"<p>NOX AT10 Luxury Genius 18K Alum\u00a0\/ AGUST\u00cdN TAPIA<\/p>\n","protected":false},"author":1,"featured_media":0,"parent":0,"menu_order":0,"comment_status":"closed","ping_status":"closed","template":"","meta":{"footnotes":""},"class_list":["post-125","page","type-page","status-publish","hentry"],"_links":{"self":[{"href":"http:\/\/comparadordepalas.es\/index.php?rest_route=\/wp\/v2\/pages\/125","targetHints":{"allow":["GET"]}}],"collection":[{"href":"http:\/\/comparadordepalas.es\/index.php?rest_route=\/wp\/v2\/pages"}],"about":[{"href":"http:\/\/comparadordepalas.es\/index.php?rest_route=\/wp\/v2\/types\/page"}],"author":[{"embeddable":true,"href":"http:\/\/comparadordepalas.es\/index.php?rest_route=\/wp\/v2\/users\/1"}],"replies":[{"embeddable":true,"href":"http:\/\/comparadordepalas.es\/index.php?rest_route=%2Fwp%2Fv2%2Fcomments&post=125"}],"version-history":[{"count":2,"href":"http:\/\/comparadordepalas.es\/index.php?rest_route=\/wp\/v2\/pages\/125\/revisions"}],"predecessor-version":[{"id":134,"href":"http:\/\/comparadordepalas.es\/index.php?rest_route=\/wp\/v2\/pages\/125\/revisions\/134"}],"wp:attachment":[{"href":"http:\/\/comparadordepalas.es\/index.php?rest_route=%2Fwp%2Fv2%2Fmedia&parent=125"}],"curies":[{"name":"wp","href":"https:\/\/api.w.org\/{rel}","templated":true}]}}