{"id":122,"date":"2024-12-22T22:52:35","date_gmt":"2024-12-22T22:52:35","guid":{"rendered":"http:\/\/comparadordepalas.es\/?page_id=122"},"modified":"2024-12-22T22:56:21","modified_gmt":"2024-12-22T22:56:21","slug":"babolat-technical-viper-juan-lebron","status":"publish","type":"page","link":"http:\/\/comparadordepalas.es\/?page_id=122","title":{"rendered":"Babolat Technical Viper\u00a0\/ JUAN LEBRON"},"content":{"rendered":"\n<p><strong>Babolat Technical Viper\u00a0\/ JUAN LEBRON<\/strong><\/p>\n\n\n\n<ul class=\"wp-block-list\">\n<li><strong>Por qu\u00e9 destaca:<\/strong>&nbsp;Si te gusta ser explosivo en la pista, esta es tu pala. Dise\u00f1ada especialmente para los remates y bandejas agresivas, su forma diamante y balance alto hacen que cada golpe sea devastador.<\/li>\n<\/ul>\n\n\n\n<figure class=\"wp-block-image\"><img decoding=\"async\" src=\"https:\/\/tse2.mm.bing.net\/th?id=OIP.9as5zKb2U1RrcCxlx4Uu_gHaHa&amp;w=200&amp;h=200&amp;c=7\" alt=\"BABOLAT Technical Viper 2024 Juan Lebron Padel Racket \u2013 ElPadel\"\/><\/figure>\n\n\n\n<ul class=\"wp-block-list\">\n<li><strong>Lo mejor:<\/strong>&nbsp;Incluye fibras de carbono 12K que aportan rigidez para maximizar la salida de bola, pero mantiene una sensaci\u00f3n c\u00f3moda en el golpeo gracias a su n\u00facleo el\u00e1stico.<\/li>\n<\/ul>\n","protected":false},"excerpt":{"rendered":"<p>Babolat Technical Viper\u00a0\/ JUAN LEBRON<\/p>\n","protected":false},"author":1,"featured_media":0,"parent":0,"menu_order":0,"comment_status":"closed","ping_status":"closed","template":"","meta":{"footnotes":""},"class_list":["post-122","page","type-page","status-publish","hentry"],"_links":{"self":[{"href":"http:\/\/comparadordepalas.es\/index.php?rest_route=\/wp\/v2\/pages\/122","targetHints":{"allow":["GET"]}}],"collection":[{"href":"http:\/\/comparadordepalas.es\/index.php?rest_route=\/wp\/v2\/pages"}],"about":[{"href":"http:\/\/comparadordepalas.es\/index.php?rest_route=\/wp\/v2\/types\/page"}],"author":[{"embeddable":true,"href":"http:\/\/comparadordepalas.es\/index.php?rest_route=\/wp\/v2\/users\/1"}],"replies":[{"embeddable":true,"href":"http:\/\/comparadordepalas.es\/index.php?rest_route=%2Fwp%2Fv2%2Fcomments&post=122"}],"version-history":[{"count":2,"href":"http:\/\/comparadordepalas.es\/index.php?rest_route=\/wp\/v2\/pages\/122\/revisions"}],"predecessor-version":[{"id":136,"href":"http:\/\/comparadordepalas.es\/index.php?rest_route=\/wp\/v2\/pages\/122\/revisions\/136"}],"wp:attachment":[{"href":"http:\/\/comparadordepalas.es\/index.php?rest_route=%2Fwp%2Fv2%2Fmedia&parent=122"}],"curies":[{"name":"wp","href":"https:\/\/api.w.org\/{rel}","templated":true}]}}