{"id":111,"date":"2024-12-22T22:49:25","date_gmt":"2024-12-22T22:49:25","guid":{"rendered":"http:\/\/comparadordepalas.es\/?page_id=111"},"modified":"2024-12-22T22:55:59","modified_gmt":"2024-12-22T22:55:59","slug":"head-extreme-pro-2024-arturo-coello","status":"publish","type":"page","link":"http:\/\/comparadordepalas.es\/?page_id=111","title":{"rendered":"Head Extreme Pro 2024\u00a0\/ arturo coello"},"content":{"rendered":"\n<p><strong>Head Extreme Pro 2024\u00a0\/ arturo coello<\/strong><\/p>\n\n\n\n<p><strong>Por qu\u00e9 destaca:<\/strong>&nbsp;Esta pala es ideal para quienes buscan&nbsp;<strong>potencia bruta<\/strong>&nbsp;sin renunciar al control. Su forma diamante y balance alto te permiten darle una fuerza tremenda a cada golpe. Es perfecta para jugadores ofensivos que buscan dominar la red.<\/p>\n\n\n\n<figure class=\"wp-block-image\"><img decoding=\"async\" src=\"https:\/\/tse1.mm.bing.net\/th?id=OIP.6vEgDRZ5OlP3c8z_LUflagAAAA&amp;w=200&amp;h=200&amp;c=7\" alt=\"New Head Extreme 2024 collection, elevate your game with extreme power ...\"\/><\/figure>\n\n\n\n<p><strong>Lo mejor:<\/strong>&nbsp;Incluye la tecnolog\u00eda Auxetic, que mejora la sensaci\u00f3n en el golpeo, haciendo que cada bola salga con una mezcla de potencia y precisi\u00f3n que sorprende. Adem\u00e1s, reduce vibraciones, lo que cuida tu brazo si juegas mucho.<\/p>\n","protected":false},"excerpt":{"rendered":"<p>Head Extreme Pro 2024\u00a0\/ arturo coello Por qu\u00e9 destaca:&nbsp;Esta pala es ideal para quienes buscan&nbsp;potencia bruta&nbsp;sin renunciar al control. Su forma diamante y balance alto te permiten darle una fuerza tremenda a cada golpe. Es perfecta para jugadores ofensivos que buscan dominar la red. Lo mejor:&nbsp;Incluye la tecnolog\u00eda Auxetic, que mejora la sensaci\u00f3n en el [&hellip;]<\/p>\n","protected":false},"author":1,"featured_media":0,"parent":0,"menu_order":0,"comment_status":"closed","ping_status":"closed","template":"","meta":{"footnotes":""},"class_list":["post-111","page","type-page","status-publish","hentry"],"_links":{"self":[{"href":"http:\/\/comparadordepalas.es\/index.php?rest_route=\/wp\/v2\/pages\/111","targetHints":{"allow":["GET"]}}],"collection":[{"href":"http:\/\/comparadordepalas.es\/index.php?rest_route=\/wp\/v2\/pages"}],"about":[{"href":"http:\/\/comparadordepalas.es\/index.php?rest_route=\/wp\/v2\/types\/page"}],"author":[{"embeddable":true,"href":"http:\/\/comparadordepalas.es\/index.php?rest_route=\/wp\/v2\/users\/1"}],"replies":[{"embeddable":true,"href":"http:\/\/comparadordepalas.es\/index.php?rest_route=%2Fwp%2Fv2%2Fcomments&post=111"}],"version-history":[{"count":2,"href":"http:\/\/comparadordepalas.es\/index.php?rest_route=\/wp\/v2\/pages\/111\/revisions"}],"predecessor-version":[{"id":135,"href":"http:\/\/comparadordepalas.es\/index.php?rest_route=\/wp\/v2\/pages\/111\/revisions\/135"}],"wp:attachment":[{"href":"http:\/\/comparadordepalas.es\/index.php?rest_route=%2Fwp%2Fv2%2Fmedia&parent=111"}],"curies":[{"name":"wp","href":"https:\/\/api.w.org\/{rel}","templated":true}]}}